{"id":222,"date":"2025-08-22T17:36:06","date_gmt":"2025-08-22T17:36:06","guid":{"rendered":"https:\/\/paoladelrazo.com\/?page_id=222"},"modified":"2025-08-22T18:10:17","modified_gmt":"2025-08-22T18:10:17","slug":"mentoria","status":"publish","type":"page","link":"https:\/\/paoladelrazo.com\/en\/mentoria\/","title":{"rendered":"Mentorship"},"content":{"rendered":"<p>[et_pb_section fb_built=\u00bb1&#8243; _builder_version=\u00bb4.27.4&#8243; _module_preset=\u00bbdefault\u00bb background_color=\u00bb#000000&#8243; background_image=\u00bbhttps:\/\/paoladelrazo.com\/wp-content\/uploads\/2025\/08\/fondo02-scaled.png\u00bb background_size=\u00bbcontain\u00bb background_position=\u00bbbottom_right\u00bb global_colors_info=\u00bb{}\u00bb][et_pb_row _builder_version=\u00bb4.27.4&#8243; _module_preset=\u00bbdefault\u00bb global_colors_info=\u00bb{}\u00bb][et_pb_column type=\u00bb4_4&#8243; _builder_version=\u00bb4.27.4&#8243; _module_preset=\u00bbdefault\u00bb global_colors_info=\u00bb{}\u00bb][et_pb_text _builder_version=\u00bb4.27.4&#8243; _module_preset=\u00bbdefault\u00bb text_font=\u00bbCormorant Garamond|||on|||||\u00bb text_text_color=\u00bb#FFFFFF\u00bb text_font_size=\u00bb52px\u00bb global_colors_info=\u00bb{}\u00bb]<\/p>\n<p style=\"text-align: center;\">Coming soon<\/p>\n<p>[\/et_pb_text][et_pb_image src=\u00bbhttps:\/\/paoladelrazo.com\/wp-content\/uploads\/2025\/07\/logo_blanco_v3.png\u00bb alt=\u00bbLogotipo de Paola Del Razo, mentora y conferencista en liderazgo consciente\u00bb title_text=\u00bbLogo de Paola Del Razo\u00bb align=\u00bbcenter\u00bb _builder_version=\u00bb4.27.4&#8243; _module_preset=\u00bbdefault\u00bb width=\u00bb50%\u00bb global_colors_info=\u00bb{}\u00bb][\/et_pb_image][\/et_pb_column][\/et_pb_row][\/et_pb_section][et_pb_section fb_built=\u00bb1&#8243; _builder_version=\u00bb4.27.4&#8243; _module_preset=\u00bbdefault\u00bb background_color=\u00bb#000000&#8243; global_colors_info=\u00bb{}\u00bb][et_pb_row column_structure=\u00bb1_3,1_3,1_3&#8243; _builder_version=\u00bb4.27.4&#8243; _module_preset=\u00bbdefault\u00bb custom_margin=\u00bb0px||0px||false|false\u00bb custom_padding=\u00bb0px||0px||false|false\u00bb global_colors_info=\u00bb{}\u00bb][et_pb_column type=\u00bb1_3&#8243; _builder_version=\u00bb4.27.4&#8243; _module_preset=\u00bbdefault\u00bb global_colors_info=\u00bb{}\u00bb][et_pb_image src=\u00bbhttps:\/\/paoladelrazo.com\/wp-content\/uploads\/2025\/07\/logo_blanco_v3.png\u00bb alt=\u00bbLogotipo de Paola Del Razo, mentora y conferencista en liderazgo consciente\u00bb title_text=\u00bbLogo de Paola Del Razo\u00bb _builder_version=\u00bb4.27.4&#8243; _module_preset=\u00bbdefault\u00bb global_colors_info=\u00bb{}\u00bb][\/et_pb_image][\/et_pb_column][et_pb_column type=\u00bb1_3&#8243; _builder_version=\u00bb4.27.4&#8243; _module_preset=\u00bbdefault\u00bb custom_padding=\u00bb|||50px|false|false\u00bb global_colors_info=\u00bb{}\u00bb][et_pb_text _builder_version=\u00bb4.27.4&#8243; _module_preset=\u00bbdefault\u00bb text_font=\u00bb&#8211;et_global_body_font||||||||\u00bb ul_font=\u00bbCormorant Garamond||||||||\u00bb ul_text_color=\u00bbgcid-primary-color\u00bb ul_font_size=\u00bb100%\u00bb hover_enabled=\u00bb0&#8243; global_colors_info=\u00bb{%22gcid-primary-color%22:%91%22ul_text_color%22%93}\u00bb sticky_enabled=\u00bb0&#8243;]<\/p>\n<ul>\n<li><a href=\"https:\/\/paoladelrazo.com\/en\/inicio\/\" title=\"Home\"><span style=\"text-decoration: underline;\">Home<\/span><\/a><\/li>\n<li><a href=\"https:\/\/paoladelrazo.com\/en\/sobre-mi\/\"><span style=\"text-decoration: underline;\">Aboute me<\/span><\/a><\/li>\n<li><a href=\"https:\/\/paoladelrazo.com\/en\/mentoria\/\"><span style=\"text-decoration: underline;\">Mentorship<\/span><\/a><\/li>\n<li><a href=\"https:\/\/paoladelrazo.com\/en\/blog\/\" title=\"Blog\"><span style=\"text-decoration: underline;\">Blog<\/span><\/a><\/li>\n<li><a href=\"https:\/\/paoladelrazo.com\/en\/contacto\/\"><span style=\"text-decoration: underline;\">Get in Touch<\/span><\/a><\/li>\n<li><a href=\"https:\/\/paoladelrazo.com\/en\/privacy-policy\/\" target=\"_blank\" rel=\"noopener\"><span style=\"text-decoration: underline;\">Privacy Policy<\/span><\/a><\/li>\n<li><a href=\"https:\/\/paoladelrazo.com\/en\/terminos-y-condiciones\/\" target=\"_blank\" rel=\"noopener\"><span style=\"text-decoration: underline;\">Terms of Use<\/span><\/a><\/li>\n<\/ul>\n<p>[\/et_pb_text][\/et_pb_column][et_pb_column type=\u00bb1_3&#8243; _builder_version=\u00bb4.27.4&#8243; _module_preset=\u00bbdefault\u00bb global_colors_info=\u00bb{}\u00bb][et_pb_social_media_follow _builder_version=\u00bb4.27.4&#8243; _module_preset=\u00bbdefault\u00bb text_orientation=\u00bbright\u00bb global_colors_info=\u00bb{%22gcid-4ca852c7-a2a5-475a-b80e-66e92356fe86%22:%91%22icon_color%22%93,%22gcid-primary-color%22:%91%22button_bg_color%22,%22button_text_color%22%93}\u00bb][et_pb_social_media_follow_network social_network=\u00bbfacebook\u00bb _builder_version=\u00bb4.27.4&#8243; _module_preset=\u00bbdefault\u00bb global_colors_info=\u00bb{}\u00bb follow_button=\u00bboff\u00bb url_new_window=\u00bbon\u00bb]facebook[\/et_pb_social_media_follow_network][et_pb_social_media_follow_network social_network=\u00bbinstagram\u00bb _builder_version=\u00bb4.27.4&#8243; _module_preset=\u00bbdefault\u00bb global_colors_info=\u00bb{}\u00bb follow_button=\u00bboff\u00bb url_new_window=\u00bbon\u00bb]instagram[\/et_pb_social_media_follow_network][et_pb_social_media_follow_network social_network=\u00bbtiktok\u00bb _builder_version=\u00bb4.27.4&#8243; _module_preset=\u00bbdefault\u00bb global_colors_info=\u00bb{}\u00bb follow_button=\u00bboff\u00bb url_new_window=\u00bbon\u00bb]tiktok[\/et_pb_social_media_follow_network][et_pb_social_media_follow_network social_network=\u00bbyoutube\u00bb _builder_version=\u00bb4.27.4&#8243; _module_preset=\u00bbdefault\u00bb global_colors_info=\u00bb{}\u00bb follow_button=\u00bboff\u00bb url_new_window=\u00bbon\u00bb]youtube[\/et_pb_social_media_follow_network][\/et_pb_social_media_follow][\/et_pb_column][\/et_pb_row][\/et_pb_section]<\/p>","protected":false},"excerpt":{"rendered":"<p>Pr\u00f3ximamente Inicio Sobre mi Mentor\u00eda Blog Contacto Aviso de Privacidad T\u00e9rminos y condiciones<\/p>","protected":false},"author":2,"featured_media":0,"parent":0,"menu_order":0,"comment_status":"closed","ping_status":"closed","template":"","meta":{"_et_pb_use_builder":"on","_et_pb_old_content":"","_et_gb_content_width":"","footnotes":""},"class_list":["post-222","page","type-page","status-publish","hentry"],"_links":{"self":[{"href":"https:\/\/paoladelrazo.com\/en\/wp-json\/wp\/v2\/pages\/222","targetHints":{"allow":["GET"]}}],"collection":[{"href":"https:\/\/paoladelrazo.com\/en\/wp-json\/wp\/v2\/pages"}],"about":[{"href":"https:\/\/paoladelrazo.com\/en\/wp-json\/wp\/v2\/types\/page"}],"author":[{"embeddable":true,"href":"https:\/\/paoladelrazo.com\/en\/wp-json\/wp\/v2\/users\/2"}],"replies":[{"embeddable":true,"href":"https:\/\/paoladelrazo.com\/en\/wp-json\/wp\/v2\/comments?post=222"}],"version-history":[{"count":0,"href":"https:\/\/paoladelrazo.com\/en\/wp-json\/wp\/v2\/pages\/222\/revisions"}],"wp:attachment":[{"href":"https:\/\/paoladelrazo.com\/en\/wp-json\/wp\/v2\/media?parent=222"}],"curies":[{"name":"wp","href":"https:\/\/api.w.org\/{rel}","templated":true}]}}